{"id":25165,"date":"2025-11-25T17:46:11","date_gmt":"2025-11-25T14:46:11","guid":{"rendered":"https:\/\/elektroent.com\/?page_id=25165"},"modified":"2026-03-24T17:11:13","modified_gmt":"2026-03-24T14:11:13","slug":"get-offer","status":"publish","type":"page","link":"https:\/\/elektroent.com\/en\/get-offer\/","title":{"rendered":"Get a quick quote for your project"},"content":{"rendered":"\t\t<div data-elementor-type=\"wp-page\" data-elementor-id=\"25165\" class=\"elementor elementor-25165\">\n\t\t\t\t\t\t<section class=\"elementor-section elementor-top-section elementor-element elementor-element-33fb9f1 elementor-section-boxed elementor-section-height-default elementor-section-height-default\" data-id=\"33fb9f1\" data-element_type=\"section\" data-e-type=\"section\">\n\t\t\t\t\t\t<div class=\"elementor-container elementor-column-gap-default\">\n\t\t\t\t\t<div class=\"elementor-column elementor-col-100 elementor-top-column elementor-element elementor-element-3062c51\" data-id=\"3062c51\" data-element_type=\"column\" data-e-type=\"column\">\n\t\t\t<div class=\"elementor-widget-wrap\">\n\t\t\t\t\t\t\t<\/div>\n\t\t<\/div>\n\t\t\t\t\t<\/div>\n\t\t<\/section>\n\t\t\t\t<section class=\"elementor-section elementor-top-section elementor-element elementor-element-188143c elementor-section-boxed elementor-section-height-default elementor-section-height-default\" data-id=\"188143c\" data-element_type=\"section\" data-e-type=\"section\">\n\t\t\t\t\t\t<div class=\"elementor-container elementor-column-gap-default\">\n\t\t\t\t\t<div class=\"elementor-column elementor-col-100 elementor-top-column elementor-element elementor-element-55eec2b\" data-id=\"55eec2b\" data-element_type=\"column\" data-e-type=\"column\">\n\t\t\t<div class=\"elementor-widget-wrap elementor-element-populated\">\n\t\t\t\t\t\t<div class=\"elementor-element elementor-element-5611bf3 wpforms-button-border-style-solid wpforms-button-bakground-style-solid elementor-widget elementor-widget-neuros_wpforms\" data-id=\"5611bf3\" data-element_type=\"widget\" data-e-type=\"widget\" data-widget_type=\"neuros_wpforms.default\">\n\t\t\t\t<div class=\"elementor-widget-container\">\n\t\t\t\t\t        <div class=\"neuros-wpforms-widget\">\n            <style id=\"wpforms-css-vars-25172\">\n\t\t\t\t#wpforms-25172 {\n\t\t\t\t--wpforms-container-padding: 0px;\n--wpforms-container-border-width: 1px;\n--wpforms-container-border-radius: 3px;\n--wpforms-background-color: rgba(0, 0, 0, 0);\n--wpforms-field-size-input-height: 43px;\n--wpforms-field-size-input-spacing: 15px;\n--wpforms-field-size-font-size: 16px;\n--wpforms-field-size-line-height: 19px;\n--wpforms-field-size-padding-h: 14px;\n--wpforms-field-size-checkbox-size: 16px;\n--wpforms-field-size-sublabel-spacing: 5px;\n--wpforms-field-size-icon-size: 1;\n--wpforms-label-size-font-size: 16px;\n--wpforms-label-size-line-height: 19px;\n--wpforms-label-size-sublabel-font-size: 14px;\n--wpforms-label-size-sublabel-line-height: 17px;\n--wpforms-button-size-font-size: 17px;\n--wpforms-button-size-height: 41px;\n--wpforms-button-size-padding-h: 15px;\n--wpforms-button-size-margin-top: 10px;\n--wpforms-container-shadow-size-box-shadow: none;\n\t\t\t}\n\t\t\t<\/style><div class=\"wpforms-container wpforms-container-full wpforms-render-modern\" id=\"wpforms-25172\"><form id=\"wpforms-form-25172\" class=\"wpforms-validate wpforms-form wpforms-ajax-form\" data-formid=\"25172\" method=\"post\" enctype=\"multipart\/form-data\" action=\"\/en\/wp-json\/wp\/v2\/pages\/25165\" data-token=\"49b755f2d25fe05b02b42f592de167a8\" data-token-time=\"1776758973\"><noscript class=\"wpforms-error-noscript\">Please enable JavaScript in your browser to complete this form.<\/noscript><div id=\"wpforms-error-noscript\" style=\"display: none;\">Please enable JavaScript in your browser to complete this form.<\/div><div class=\"wpforms-field-container\"><div id=\"wpforms-25172-field_7-container\" class=\"wpforms-field wpforms-field-text\" data-field-id=\"7\"><label class=\"wpforms-field-label\" for=\"wpforms-25172-field_7\">\u0130sim <span class=\"wpforms-required-label\" aria-hidden=\"true\">*<\/span><\/label><input type=\"text\" id=\"wpforms-25172-field_7\" class=\"wpforms-field-medium wpforms-field-required\" name=\"wpforms[fields][7]\" aria-errormessage=\"wpforms-25172-field_7-error\" required><\/div><div id=\"wpforms-25172-field_8-container\" class=\"wpforms-field wpforms-field-text\" data-field-id=\"8\"><label class=\"wpforms-field-label\" for=\"wpforms-25172-field_8\">Soyisim <span class=\"wpforms-required-label\" aria-hidden=\"true\">*<\/span><\/label><input type=\"text\" id=\"wpforms-25172-field_8\" class=\"wpforms-field-medium wpforms-field-required\" name=\"wpforms[fields][8]\" aria-errormessage=\"wpforms-25172-field_8-error\" required><\/div><div id=\"wpforms-25172-field_9-container\" class=\"wpforms-field wpforms-field-text\" data-field-id=\"9\"><label class=\"wpforms-field-label\" for=\"wpforms-25172-field_9\">Telefon Numaras\u0131 <span class=\"wpforms-required-label\" aria-hidden=\"true\">*<\/span><\/label><input type=\"text\" id=\"wpforms-25172-field_9\" class=\"wpforms-field-medium wpforms-field-required\" name=\"wpforms[fields][9]\" aria-errormessage=\"wpforms-25172-field_9-error\" required><\/div>\t\t<div id=\"wpforms-25172-field_1-container\"\n\t\t\tclass=\"wpforms-field wpforms-field-text\"\n\t\t\tdata-field-type=\"text\"\n\t\t\tdata-field-id=\"1\"\n\t\t\t>\n\t\t\t<label class=\"wpforms-field-label\" for=\"wpforms-25172-field_1\" >\u0130sim E-posta Numaras\u0131<\/label>\n\t\t\t<input type=\"text\" id=\"wpforms-25172-field_1\" class=\"wpforms-field-medium\" name=\"wpforms[fields][1]\" >\n\t\t<\/div>\n\t\t<div id=\"wpforms-25172-field_10-container\" class=\"wpforms-field wpforms-field-email\" data-field-id=\"10\"><label class=\"wpforms-field-label\" for=\"wpforms-25172-field_10\">E-posta <span class=\"wpforms-required-label\" aria-hidden=\"true\">*<\/span><\/label><input type=\"email\" id=\"wpforms-25172-field_10\" class=\"wpforms-field-medium wpforms-field-required\" name=\"wpforms[fields][10]\" spellcheck=\"false\" aria-errormessage=\"wpforms-25172-field_10-error\" required><\/div><div id=\"wpforms-25172-field_12-container\" class=\"wpforms-field wpforms-field-textarea\" data-field-id=\"12\"><label class=\"wpforms-field-label\" for=\"wpforms-25172-field_12\">Talep \u0130ste\u011fi<\/label><textarea id=\"wpforms-25172-field_12\" class=\"wpforms-field-medium wpforms-limit-characters-enabled\" data-form-id=\"25172\" data-field-id=\"12\" data-text-limit=\"500\" name=\"wpforms[fields][12]\" aria-errormessage=\"wpforms-25172-field_12-error\" maxlength=\"500\" ><\/textarea><\/div><div id=\"wpforms-25172-field_13-container\" class=\"wpforms-field wpforms-field-text\" data-field-id=\"13\"><label class=\"wpforms-field-label\" for=\"wpforms-25172-field_13\">G\u00fcvenlik Do\u011frulamas\u0131(2+2=?) <span class=\"wpforms-required-label\" aria-hidden=\"true\">*<\/span><\/label><input type=\"text\" id=\"wpforms-25172-field_13\" class=\"wpforms-field-medium wpforms-field-required\" name=\"wpforms[fields][13]\" aria-errormessage=\"wpforms-25172-field_13-error\" required><\/div><script>\n\t\t\t\t( function() {\n\t\t\t\t\tconst style = document.createElement( 'style' );\n\t\t\t\t\tstyle.appendChild( document.createTextNode( '#wpforms-25172-field_1-container { position: absolute !important; overflow: hidden !important; display: inline !important; height: 1px !important; width: 1px !important; z-index: -1000 !important; padding: 0 !important; } #wpforms-25172-field_1-container input { visibility: hidden; } #wpforms-conversational-form-page #wpforms-25172-field_1-container label { counter-increment: none; }' ) );\n\t\t\t\t\tdocument.head.appendChild( style );\n\t\t\t\t\tdocument.currentScript?.remove();\n\t\t\t\t} )();\n\t\t\t<\/script><\/div><!-- .wpforms-field-container --><div class=\"wpforms-submit-container\" ><input type=\"hidden\" name=\"wpforms[id]\" value=\"25172\"><input type=\"hidden\" name=\"page_title\" value=\"\"><input type=\"hidden\" name=\"page_url\" value=\"https:\/\/elektroent.com\/en\/wp-json\/wp\/v2\/pages\/25165\"><input type=\"hidden\" name=\"url_referer\" value=\"\"><button type=\"submit\" name=\"wpforms[submit]\" id=\"wpforms-submit-25172\" class=\"wpforms-submit\" data-alt-text=\"G\u00f6nderiliyor...\" data-submit-text=\"Talep Olu\u015ftur\" aria-live=\"assertive\" value=\"wpforms-submit\">Talep Olu\u015ftur<\/button><img decoding=\"async\" src=\"https:\/\/elektroent.com\/wp-content\/plugins\/wpforms-lite\/assets\/images\/submit-spin.svg\" class=\"wpforms-submit-spinner\" style=\"display: none;\" width=\"26\" height=\"26\" alt=\"Loading\"><\/div><\/form><\/div>  <!-- .wpforms-container -->        <\/div>\n        \t\t\t\t<\/div>\n\t\t\t\t<\/div>\n\t\t\t\t\t<\/div>\n\t\t<\/div>\n\t\t\t\t\t<\/div>\n\t\t<\/section>\n\t\t\t\t<\/div>\n\t\t","protected":false},"excerpt":{"rendered":"","protected":false},"author":4,"featured_media":0,"parent":0,"menu_order":0,"comment_status":"closed","ping_status":"closed","template":"","meta":{"footnotes":""},"class_list":["post-25165","page","type-page","status-publish","hentry"],"yoast_head":"<!-- This site is optimized with the Yoast SEO plugin v27.4 - https:\/\/yoast.com\/product\/yoast-seo-wordpress\/ -->\n<title>H\u0131zl\u0131 Teklif Al | Elektronik Dizgi ve PCB \u00c7\u00f6z\u00fcmleri<\/title>\n<meta name=\"description\" content=\"Elektronik dizgi ve PCB projeleriniz i\u00e7in h\u0131zl\u0131 teklif al\u0131n, en uygun maliyet ve \u00e7\u00f6z\u00fcm \u00f6nerilerine kolayca ula\u015f\u0131n.\" \/>\n<meta name=\"robots\" content=\"index, follow, max-snippet:-1, max-image-preview:large, max-video-preview:-1\" \/>\n<link rel=\"canonical\" href=\"https:\/\/elektroent.com\/en\/get-offer\/\" \/>\n<meta property=\"og:locale\" content=\"en_US\" \/>\n<meta property=\"og:type\" content=\"article\" \/>\n<meta property=\"og:title\" content=\"H\u0131zl\u0131 Teklif Al | Elektronik Dizgi ve PCB \u00c7\u00f6z\u00fcmleri\" \/>\n<meta property=\"og:description\" content=\"Elektronik dizgi ve PCB projeleriniz i\u00e7in h\u0131zl\u0131 teklif al\u0131n, en uygun maliyet ve \u00e7\u00f6z\u00fcm \u00f6nerilerine kolayca ula\u015f\u0131n.\" \/>\n<meta property=\"og:url\" content=\"https:\/\/elektroent.com\/en\/get-offer\/\" \/>\n<meta property=\"og:site_name\" content=\"ElektroEnt\" \/>\n<meta property=\"article:modified_time\" content=\"2026-03-24T14:11:13+00:00\" \/>\n<meta name=\"twitter:card\" content=\"summary_large_image\" \/>\n<script type=\"application\/ld+json\" class=\"yoast-schema-graph\">{\"@context\":\"https:\\\/\\\/schema.org\",\"@graph\":[{\"@type\":[\"WebPage\",\"ContactPage\"],\"@id\":\"https:\\\/\\\/elektroent.com\\\/teklif-alin\\\/\",\"url\":\"https:\\\/\\\/elektroent.com\\\/teklif-alin\\\/\",\"name\":\"H\u0131zl\u0131 Teklif Al | Elektronik Dizgi ve PCB \u00c7\u00f6z\u00fcmleri\",\"isPartOf\":{\"@id\":\"https:\\\/\\\/elektroent.com\\\/#website\"},\"datePublished\":\"2025-11-25T14:46:11+00:00\",\"dateModified\":\"2026-03-24T14:11:13+00:00\",\"description\":\"Elektronik dizgi ve PCB projeleriniz i\u00e7in h\u0131zl\u0131 teklif al\u0131n, en uygun maliyet ve \u00e7\u00f6z\u00fcm \u00f6nerilerine kolayca ula\u015f\u0131n.\",\"breadcrumb\":{\"@id\":\"https:\\\/\\\/elektroent.com\\\/teklif-alin\\\/#breadcrumb\"},\"inLanguage\":\"en-US\",\"potentialAction\":[{\"@type\":\"ReadAction\",\"target\":[\"https:\\\/\\\/elektroent.com\\\/teklif-alin\\\/\"]}]},{\"@type\":\"BreadcrumbList\",\"@id\":\"https:\\\/\\\/elektroent.com\\\/teklif-alin\\\/#breadcrumb\",\"itemListElement\":[{\"@type\":\"ListItem\",\"position\":1,\"name\":\"Anasayfa\",\"item\":\"https:\\\/\\\/elektroent.com\\\/\"},{\"@type\":\"ListItem\",\"position\":2,\"name\":\"Projeniz i\u00e7in h\u0131zl\u0131 teklif al\u0131n\"}]},{\"@type\":\"WebSite\",\"@id\":\"https:\\\/\\\/elektroent.com\\\/#website\",\"url\":\"https:\\\/\\\/elektroent.com\\\/\",\"name\":\"ElektroEnt\",\"description\":\"\",\"potentialAction\":[{\"@type\":\"SearchAction\",\"target\":{\"@type\":\"EntryPoint\",\"urlTemplate\":\"https:\\\/\\\/elektroent.com\\\/?s={search_term_string}\"},\"query-input\":{\"@type\":\"PropertyValueSpecification\",\"valueRequired\":true,\"valueName\":\"search_term_string\"}}],\"inLanguage\":\"en-US\"}]}<\/script>\n<!-- \/ Yoast SEO plugin. -->","yoast_head_json":{"title":"Get Quick Quote | Electronic Typesetting and PCB Solutions","description":"Get quick quotes for your electronic typesetting and PCB projects, easily reach the most suitable cost and solution suggestions.","robots":{"index":"index","follow":"follow","max-snippet":"max-snippet:-1","max-image-preview":"max-image-preview:large","max-video-preview":"max-video-preview:-1"},"canonical":"https:\/\/elektroent.com\/en\/get-offer\/","og_locale":"en_US","og_type":"article","og_title":"H\u0131zl\u0131 Teklif Al | Elektronik Dizgi ve PCB \u00c7\u00f6z\u00fcmleri","og_description":"Elektronik dizgi ve PCB projeleriniz i\u00e7in h\u0131zl\u0131 teklif al\u0131n, en uygun maliyet ve \u00e7\u00f6z\u00fcm \u00f6nerilerine kolayca ula\u015f\u0131n.","og_url":"https:\/\/elektroent.com\/en\/get-offer\/","og_site_name":"ElektroEnt","article_modified_time":"2026-03-24T14:11:13+00:00","twitter_card":"summary_large_image","schema":{"@context":"https:\/\/schema.org","@graph":[{"@type":["WebPage","ContactPage"],"@id":"https:\/\/elektroent.com\/teklif-alin\/","url":"https:\/\/elektroent.com\/teklif-alin\/","name":"Get Quick Quote | Electronic Typesetting and PCB Solutions","isPartOf":{"@id":"https:\/\/elektroent.com\/#website"},"datePublished":"2025-11-25T14:46:11+00:00","dateModified":"2026-03-24T14:11:13+00:00","description":"Get quick quotes for your electronic typesetting and PCB projects, easily reach the most suitable cost and solution suggestions.","breadcrumb":{"@id":"https:\/\/elektroent.com\/teklif-alin\/#breadcrumb"},"inLanguage":"en-US","potentialAction":[{"@type":"ReadAction","target":["https:\/\/elektroent.com\/teklif-alin\/"]}]},{"@type":"BreadcrumbList","@id":"https:\/\/elektroent.com\/teklif-alin\/#breadcrumb","itemListElement":[{"@type":"ListItem","position":1,"name":"Anasayfa","item":"https:\/\/elektroent.com\/"},{"@type":"ListItem","position":2,"name":"Projeniz i\u00e7in h\u0131zl\u0131 teklif al\u0131n"}]},{"@type":"WebSite","@id":"https:\/\/elektroent.com\/#website","url":"https:\/\/elektroent.com\/","name":"ElektroEnt","description":"","potentialAction":[{"@type":"SearchAction","target":{"@type":"EntryPoint","urlTemplate":"https:\/\/elektroent.com\/?s={search_term_string}"},"query-input":{"@type":"PropertyValueSpecification","valueRequired":true,"valueName":"search_term_string"}}],"inLanguage":"en-US"}]}},"_links":{"self":[{"href":"https:\/\/elektroent.com\/en\/wp-json\/wp\/v2\/pages\/25165","targetHints":{"allow":["GET"]}}],"collection":[{"href":"https:\/\/elektroent.com\/en\/wp-json\/wp\/v2\/pages"}],"about":[{"href":"https:\/\/elektroent.com\/en\/wp-json\/wp\/v2\/types\/page"}],"author":[{"embeddable":true,"href":"https:\/\/elektroent.com\/en\/wp-json\/wp\/v2\/users\/4"}],"replies":[{"embeddable":true,"href":"https:\/\/elektroent.com\/en\/wp-json\/wp\/v2\/comments?post=25165"}],"version-history":[{"count":11,"href":"https:\/\/elektroent.com\/en\/wp-json\/wp\/v2\/pages\/25165\/revisions"}],"predecessor-version":[{"id":25341,"href":"https:\/\/elektroent.com\/en\/wp-json\/wp\/v2\/pages\/25165\/revisions\/25341"}],"wp:attachment":[{"href":"https:\/\/elektroent.com\/en\/wp-json\/wp\/v2\/media?parent=25165"}],"curies":[{"name":"wp","href":"https:\/\/api.w.org\/{rel}","templated":true}]}}